{"id":34,"date":"2017-02-25T09:06:23","date_gmt":"2017-02-25T09:06:23","guid":{"rendered":"http:\/\/livinginnaturalharmony.com\/fr\/?page_id=34"},"modified":"2017-08-08T15:05:28","modified_gmt":"2017-08-08T15:05:28","slug":"notre-mission","status":"publish","type":"page","link":"https:\/\/livinginnaturalharmony.com\/fr\/notre-mission\/","title":{"rendered":"Notre mission"},"content":{"rendered":"<p>Nous savons que la sant\u00e9 physique et mentale peut \u00eatre atteinte et maintenue en prenant soin de nombreux aspects de notre mode de vie. Malheureusement, il y a beaucoup de d\u00e9sinformations et de malentendus sur les approches dans le domaine de la sant\u00e9 naturelle en g\u00e9n\u00e9ral. Beaucoup les consid\u00e8rent comme \u00abalternatives\u00bb ou \u00abnon scientifiques\u00bb. Ce n&rsquo;est tout simplement pas vrai : \u00a0des milliers d&rsquo;\u00e9tudes ont \u00e9t\u00e9 effectu\u00e9es sur les avantages d&rsquo;une alimentation saine, l&rsquo;exercice physique et de la m\u00e9ditation.<\/p>\n<p>Pratiquement tout le monde a d\u00e9j\u00e0 compris que quelque chose doit changer. Nous polluons l&rsquo;environnement et nous-m\u00eames, tout en nous \u00e9loignant de nos racines. Nous devenons de plus en plus malades avec les soi-disantes \u00abmaladies de la civilisation\u00bb qui \u00e9taient autrefois inexistantes ou bien moins r\u00e9pandues. Et la fa\u00e7on dont nous vivons aujourd&rsquo;hui n&rsquo;est plus durable. Nous voyons toutes sortes de produits qui sont non seulement inutiles, mais qui nuisent aussi \u00e0 notre sant\u00e9 et l&rsquo;environnement. Pour beaucoup de ces produits, il y a vraiment de nombreuses alternatives plus saines\u00a0 qui respectent de plus l&rsquo;environnement.<\/p>\n<p>Nous avons entendu de nombreuses personnes dire \u00ab\u00a0mais en fait, l&rsquo;esp\u00e9rance de vie est en hausse\u00a0\u00bb. En fait, 1) ce n&rsquo;est plus vrai, l&rsquo;esp\u00e9rance de vie diminue maintenant aux \u00c9tats-Unis [1] et 2) m\u00eame si c&rsquo;est vrai, quelle qualit\u00e9 de vie avons-nous r\u00e9ellement? Vivre plus longtemps que nos anc\u00eatres, mais avec le diab\u00e8te, la maladie d&rsquo;Alzheimer, l&rsquo;arthrite, les maladies cardiaques, le cancer, la d\u00e9pression et autres handicaps, ce n&rsquo;est vraiment pas ce que les gens visent. Une chose que nous avons d\u00e9j\u00e0 entendu est \u00abparce que nous vivons plus longtemps, nous avons toutes ces maladies que nos anc\u00eatres n&rsquo;ont pas, car ils n&rsquo;ont pas atteint notre \u00e2ge\u00bb. Si c&rsquo;est le cas, comment est-il possible que ces maladies se manifestent chez les jeunes et les plus jeunes, m\u00eame chez les enfants?!!! Croyez-vous vraiment que c&rsquo;est parce que les gens vivent plus vieux \u00a0maintenant ? Nous ne le croyons pas.<\/p>\n<p>Selon l&rsquo;Organisation mondiale de la sant\u00e9 (OMS), les principales causes de d\u00e9c\u00e8s en 2015 dans le monde \u00e9taient [2]: les maladies cardiaques, les accidents vasculaires c\u00e9r\u00e9braux, les maladies respiratoires chroniques, le cancer, le diab\u00e8te, la maladie d&rsquo;Alzheimer &#8230; toutes les \u00a0\u00bb maladies de la civilisation\u00a0\u00bb. Peuvent-elles, au moins dans la plupart des cas, \u00eatre limit\u00e9es par des changements de mode de vie? Probablement. Beaucoup de gens pensent \u00ab\u00a0j&rsquo;ai des mauvais g\u00e8nes\u00a0\u00bb. Ce n&rsquo;est pas vrai. Les g\u00e8nes peuvent \u00eatre \u00e9teints et allum\u00e9s par des facteurs environnementaux (s&rsquo;ils ne sont pas allum\u00e9s, vous n&rsquo;obtiendrez jamais la maladie). C&rsquo;est ce qu&rsquo;on appelle l&rsquo;\u00e9pig\u00e9n\u00e9tique. Par exemple, il a \u00e9t\u00e9 d\u00e9couvert et publi\u00e9 dans une des revues scientifiques les plus renomm\u00e9es, <em>Nature<\/em>, que le risque de cancer est fortement influenc\u00e9 par les facteurs environnementaux (90%), alors que les facteurs g\u00e9n\u00e9tiques contribuent peu (10%) pour le d\u00e9veloppement du cancer [3]. Pourquoi est-ce une bonne nouvelle? Parce que cela signifie que vous avez r\u00e9ellement une forte probabilit\u00e9 de pr\u00e9venir le cancer par des changements de style de vie!<\/p>\n<p>Il y a actuellement l&rsquo;\u00e9tat d&rsquo;esprit \u00abJ&rsquo;ai une \u00a0maladie, je vais chez le m\u00e9decin, il \/ elle me prescrit un comprim\u00e9, et je vais \u00eatre bien\u00a0\u00bb. En fait, dans le cas des maladies aigu\u00ebs, les m\u00e9dicaments peuvent sauver la vie (par exemple, dans le cas d&rsquo;une allergie aigu\u00eb). Cependant, dans le cas de nombreuses maladies chroniques, l&rsquo;usage de drogues peut conduire \u00e0 la disparition de certains des sympt\u00f4mes ou au \u00abcontr\u00f4le\u00bb de la maladie, mais rarement \u00e0 la gu\u00e9rison (donc appel\u00e9e \u00abmaladie chronique\u00bb), car la vraie cause n&rsquo;a pas \u00e9t\u00e9 trait\u00e9e. Et de nombreuses fois, vous obtenez d&rsquo;autres probl\u00e8mes de sant\u00e9 en raison des effets secondaires des m\u00e9dicaments, et parfois vous pourriez m\u00eame prendre d&rsquo;autres comprim\u00e9s pour minimiser les effets secondaires des autres pilules que vous prenez.<\/p>\n<p>La M\u00e9decine Naturelle essaie de trouver la cause des maladies chroniques, consid\u00e9rant le corps comme un tout. Lorsque vous traitez la v\u00e9ritable cause, les sympt\u00f4mes de toutes les maladies dispara\u00eetront par cons\u00e9quent. Nous croyons que pour pr\u00e9venir et surmonter les maladies chroniques, et pour atteindre un bien-\u00eatre sup\u00e9rieur, il est important de consid\u00e9rer les approches de la m\u00e9decine naturelle, qui impliquent des changements de style de vie, et qui comprennent principalement:<\/p>\n<p style=\"padding-left: 30px;\">&#8211; une alimentation saine. Changez votre alimentation, mangez des aliments sains sans toxines (l\u00e9gumes et fruits biologiques) et vous am\u00e9liorerez votre sant\u00e9. Saviez-vous qu\u2019Hippocrate, le p\u00e8re de la m\u00e9decine, a dit :<\/p>\n<p style=\"text-align: center; padding-left: 30px;\">\u00ab\u00a0<em>Que ta nourriture soit ton m\u00e9dicament, et que ton m\u00e9dicament soit ta nourriture.<\/em>\u00ab\u00a0<\/p>\n<p style=\"padding-left: 30px;\">&#8211; une activit\u00e9 physique r\u00e9guli\u00e8re : faire de l&rsquo;exercice mod\u00e9r\u00e9 tous les jours (comme la marche) est tr\u00e8s important.<\/p>\n<p style=\"text-align: center; padding-left: 30px;\">\u00ab\u00a0<em>Si nous pouvions donner \u00e0 chaque individu la bonne quantit\u00e9 de nourriture et d&rsquo;exercice, pas trop peu et pas trop, nous aurions trouv\u00e9 le moyen le plus s\u00fbr pour la sant\u00e9<\/em>\u00a0\u00bb Hippocrate.<\/p>\n<p style=\"padding-left: 30px;\">&#8211; le sommeil\u00a0: parmi beaucoup d&rsquo;autres avantages, pendant le sommeil vous d\u00e9sintoxiquez votre corps.<\/p>\n<p style=\"padding-left: 30px;\">&#8211; des techniques de gestion \u00e9motionnelle et du stress, comme la m\u00e9ditation, la relaxation et l&rsquo;engagement dans des activit\u00e9s que vous aimez vraiment.<\/p>\n<p style=\"padding-left: 30px;\">minimiser l&rsquo;exposition aux toxines et tenir compte de certaines m\u00e9thodes de d\u00e9sintoxication (notre corps se d\u00e9sintoxique naturellement lorsque vous lui fournissez de aliments sains et d&rsquo;autres habitudes de vie saines, mais parfois le fardeau des toxines est si lourd qu&rsquo;il a besoin d&rsquo;aide. Nous ne parlons pas des produits \u00a0\u00bb miracle detox\u00a0\u00bb que vous voyez dans les magasins.).<\/p>\n<p style=\"padding-left: 30px;\">&#8211; prendre soin de votre flore intestinale (les microbes qui habitent l&rsquo;intestin sont tr\u00e8s importants pour la sant\u00e9 et sont li\u00e9s \u00e0 presque toutes les maladies)<\/p>\n<p style=\"padding-left: 30px;\">&#8211; \u00e9pices, herbes et huiles essentielles.<\/p>\n<p>Il est bien s\u00fbr beaucoup plus facile de prendre un comprim\u00e9 que de changer notre mode de vie. Mais si nous voulons vivre en bonne sant\u00e9, et tr\u00e8s probablement vieux, c&rsquo;est ce que nous avons \u00e0 faire. Nous devons nous reconnecter \u00e0 la Nature, parce que nous sommes de la Nature. Et nous voulons vous faire savoir qu&rsquo;il est encore possible dans notre monde moderne et occup\u00e9 d&rsquo;atteindre cet objectif. Nous esp\u00e9rons que nos articles vous inspireront pour devenir en meilleure sant\u00e9 et plus heureux tout en \u00e9tant conscient de notre environnement :). Nous devrions tous avoir la responsabilit\u00e9 de prendre soin de nous m\u00eame ainsi que de l&rsquo;environnement et de nos g\u00e9n\u00e9rations futures.<\/p>\n<p>En outre, nous devons r\u00e9aliser que chaque fois que nous allons faire des courses, nous votons. Tout ce que nous achetons est un vote pour le bien ou pour le mal. S&rsquo;il y a beaucoup de \u00ab\u00a0votes\u00a0\u00bb pour les choix de mode de vie durable, il est certainement que les choses commencent \u00e0 changer. Un tr\u00e8s bon exemple est le fait que l&rsquo;agriculture biologique a augment\u00e9 beaucoup au cours des derni\u00e8res ann\u00e9es \u00e0 la suite de demandes des gens pour les l\u00e9gumes et fruits bio.<\/p>\n<p>Pour nous, la mise en \u0153uvre de ces aspects dans notre vie a \u00e9t\u00e9 un v\u00e9ritable parcours. Nous continuons \u00e0 nous informer, \u00e0 lire et \u00e0 essayer de mettre en \u0153uvre ce que nous trouvons dans nos vies personnelles. Chaque jour est une d\u00e9couverte nouvelle et int\u00e9ressante.<\/p>\n<p>Maintenant, nous avons atteint un point o\u00f9, nous ne voulons pas simplement faire de la recherche et garder les informations pour nous-m\u00eames. Nous voulons vraiment faire quelque chose \u00e0 ce sujet. Par cons\u00e9quent, nous avons d\u00e9cid\u00e9 de cr\u00e9er ce blog. Nous voulons diffuser des informations importantes et int\u00e9ressantes sur des sujets li\u00e9s \u00e0 la sant\u00e9 naturelle afin de sensibiliser et d&rsquo;aider les gens \u00e0 am\u00e9liorer leur qualit\u00e9 de vie tout en prenant soin de l&rsquo;environnement. En tant que scientifiques, il est important pour nous de fournir la preuve scientifique de ce que nous \u00e9crivons. Dans tous les sujets abord\u00e9s dans ce blog, nous allons examiner la litt\u00e9rature scientifique et essayer d&rsquo;\u00e9crire d&rsquo;une mani\u00e8re didactique. Vous verrez que ces sujets de m\u00e9decine naturelle sont en fait tr\u00e8s soutenus par la science.<\/p>\n<p>Voici quelques-uns des sujets abord\u00e9s dans ce blog:<\/p>\n<p style=\"padding-left: 30px;\">&#8211; Nutrition (alimentation saine)<\/p>\n<p style=\"padding-left: 30px;\">&#8211; M\u00e9ditation<\/p>\n<p style=\"padding-left: 30px;\">&#8211; Agriculture durable<\/p>\n<p style=\"padding-left: 30px;\">&#8211; Exercice<\/p>\n<p style=\"padding-left: 30px;\">&#8211; Toxines et m\u00e9taux lourds<\/p>\n<p style=\"padding-left: 30px;\">&#8211; Sant\u00e9 intestinale (vous verrez comment la sant\u00e9 intestinale et la sant\u00e9 c\u00e9r\u00e9brale sont li\u00e9es)<\/p>\n<p style=\"padding-left: 30px;\">&#8211; Sant\u00e9 du cerveau<\/p>\n<p style=\"padding-left: 30px;\">&#8211; Je\u00fbne<\/p>\n<p style=\"padding-left: 30px;\">&#8211; Herbes<\/p>\n<p style=\"padding-left: 30px;\">&#8211; Huiles essentielles<\/p>\n<p style=\"padding-left: 30px;\">&#8211; &#8230;<br \/>\n&#8211; Des recettes de repas sains et d\u00e9licieux, des desserts et des collations, ainsi que des rem\u00e8des naturels, des produits de nettoyage sans toxines et des produits de soins corporels (p\u00e2te dentifrice, d\u00e9odorant, lotions pour le corps, b\u00e2tonnets pour les l\u00e8vres, fards \u00e0 joues, etc.), qui sont bons et sains pour vous et pour l&rsquo;environnement :).<\/p>\n<p>Pour chaque sujet, vous obtiendrez toutes les sources et les r\u00e9f\u00e9rences afin que vous puissiez lire plus loin et obtenir plus d&rsquo;informations sur ce sujet particulier.<br \/>\nNous tenons \u00e0 souligner que les informations contenues sur ce blog ne sont que des suggestions pour am\u00e9liorer votre sant\u00e9 et votre bien-\u00eatre. Ils ne visent en aucun cas \u00e0 remplacer les conseils de votre m\u00e9decin.<\/p>\n<p>Tous les postes sont disponibles en cinq langues: anglais, portugais, allemand, fran\u00e7ais et n\u00e9erlandais.<\/p>\n<p>Pour nous, il s&rsquo;agit d&rsquo;un projet tr\u00e8s important, et nous esp\u00e9rons vraiment qu&rsquo;il apporte \u00a0une diff\u00e9rence dans la vie des gens. Nous ferons de notre mieux pour vous fournir les meilleures informations sur chaque sujet. Nous esp\u00e9rons que vous aimerez ce blog et qu&rsquo;il vous aidera et ceux que vous aimez \ud83d\ude42<\/p>\n<p>Aidez-nous \u00e0 diffuser ces informations en partageant nos messages, car cela peut changer la vie de quelqu&rsquo;un!<\/p>\n<p>Et vous \u00eates invit\u00e9s \u00e0 commenter\u00a0 chaque post!<\/p>\n<p>Merci beaucoup pour la lecture et le partage!<\/p>\n<p>Vivez en bonne sant\u00e9 et heureux \ud83d\ude42<\/p>\n<p>Ana, Marjan &amp; Christoph<\/p>\n<p>&nbsp;<\/p>\n<p><strong>R\u00e9f\u00e9rences<\/strong><\/p>\n<p>[1] https:\/\/www.cdc.gov\/nchs\/products\/databriefs\/db267.htm<\/p>\n<p>[2] http:\/\/www.who.int\/mediacentre\/factsheets\/fs310\/en\/<\/p>\n<p>[3] Wu S, Powers S, Zhu W, Hannun YA. Substantial contribution of extrinsic risk factors to cancer development. <em>Nature<\/em> (2016). 529(7584):43-7.<\/p>\n","protected":false},"excerpt":{"rendered":"<p>Nous savons que la sant\u00e9 physique et mentale peut \u00eatre atteinte et maintenue en prenant soin de nombreux aspects de notre mode de vie. Malheureusement, il y a beaucoup de d\u00e9sinformations et de malentendus sur les approches dans le domaine de la sant\u00e9 naturelle en g\u00e9n\u00e9ral. Beaucoup les consid\u00e8rent comme \u00abalternatives\u00bb ou \u00abnon scientifiques\u00bb. Ce [&hellip;]<\/p>\n","protected":false},"author":2,"featured_media":0,"parent":0,"menu_order":2,"comment_status":"closed","ping_status":"closed","template":"","meta":{"wprm-recipe-roundup-name":"","wprm-recipe-roundup-description":"","footnotes":""},"yoast_head":"<!-- This site is optimized with the Yoast SEO plugin v21.6 - https:\/\/yoast.com\/wordpress\/plugins\/seo\/ -->\n<title>Notre mission - Living in Natural Harmony<\/title>\n<meta name=\"robots\" content=\"index, follow, max-snippet:-1, max-image-preview:large, max-video-preview:-1\" \/>\n<link rel=\"canonical\" href=\"https:\/\/livinginnaturalharmony.com\/fr\/notre-mission\/\" \/>\n<meta property=\"og:locale\" content=\"fr_FR\" \/>\n<meta property=\"og:type\" content=\"article\" \/>\n<meta property=\"og:title\" content=\"Notre mission - Living in Natural Harmony\" \/>\n<meta property=\"og:description\" content=\"Nous savons que la sant\u00e9 physique et mentale peut \u00eatre atteinte et maintenue en prenant soin de nombreux aspects de notre mode de vie. Malheureusement, il y a beaucoup de d\u00e9sinformations et de malentendus sur les approches dans le domaine de la sant\u00e9 naturelle en g\u00e9n\u00e9ral. Beaucoup les consid\u00e8rent comme \u00abalternatives\u00bb ou \u00abnon scientifiques\u00bb. Ce [&hellip;]\" \/>\n<meta property=\"og:url\" content=\"https:\/\/livinginnaturalharmony.com\/fr\/notre-mission\/\" \/>\n<meta property=\"og:site_name\" content=\"Living in Natural Harmony\" \/>\n<meta property=\"article:modified_time\" content=\"2017-08-08T15:05:28+00:00\" \/>\n<meta name=\"twitter:card\" content=\"summary_large_image\" \/>\n<meta name=\"twitter:label1\" content=\"Dur\u00e9e de lecture estim\u00e9e\" \/>\n\t<meta name=\"twitter:data1\" content=\"9 minutes\" \/>\n<script type=\"application\/ld+json\" class=\"yoast-schema-graph\">{\"@context\":\"https:\/\/schema.org\",\"@graph\":[{\"@type\":\"WebPage\",\"@id\":\"https:\/\/livinginnaturalharmony.com\/fr\/notre-mission\/\",\"url\":\"https:\/\/livinginnaturalharmony.com\/fr\/notre-mission\/\",\"name\":\"Notre mission - Living in Natural Harmony\",\"isPartOf\":{\"@id\":\"https:\/\/livinginnaturalharmony.com\/fr\/#website\"},\"datePublished\":\"2017-02-25T09:06:23+00:00\",\"dateModified\":\"2017-08-08T15:05:28+00:00\",\"breadcrumb\":{\"@id\":\"https:\/\/livinginnaturalharmony.com\/fr\/notre-mission\/#breadcrumb\"},\"inLanguage\":\"fr-FR\",\"potentialAction\":[{\"@type\":\"ReadAction\",\"target\":[\"https:\/\/livinginnaturalharmony.com\/fr\/notre-mission\/\"]}]},{\"@type\":\"BreadcrumbList\",\"@id\":\"https:\/\/livinginnaturalharmony.com\/fr\/notre-mission\/#breadcrumb\",\"itemListElement\":[{\"@type\":\"ListItem\",\"position\":1,\"name\":\"Home\",\"item\":\"https:\/\/livinginnaturalharmony.com\/fr\/\"},{\"@type\":\"ListItem\",\"position\":2,\"name\":\"Notre mission\"}]},{\"@type\":\"WebSite\",\"@id\":\"https:\/\/livinginnaturalharmony.com\/fr\/#website\",\"url\":\"https:\/\/livinginnaturalharmony.com\/fr\/\",\"name\":\"Living in Natural Harmony\",\"description\":\"Pour un mode de vie naturel, sain et durable\",\"potentialAction\":[{\"@type\":\"SearchAction\",\"target\":{\"@type\":\"EntryPoint\",\"urlTemplate\":\"https:\/\/livinginnaturalharmony.com\/fr\/?s={search_term_string}\"},\"query-input\":\"required name=search_term_string\"}],\"inLanguage\":\"fr-FR\"}]}<\/script>\n<!-- \/ Yoast SEO plugin. -->","yoast_head_json":{"title":"Notre mission - Living in Natural Harmony","robots":{"index":"index","follow":"follow","max-snippet":"max-snippet:-1","max-image-preview":"max-image-preview:large","max-video-preview":"max-video-preview:-1"},"canonical":"https:\/\/livinginnaturalharmony.com\/fr\/notre-mission\/","og_locale":"fr_FR","og_type":"article","og_title":"Notre mission - Living in Natural Harmony","og_description":"Nous savons que la sant\u00e9 physique et mentale peut \u00eatre atteinte et maintenue en prenant soin de nombreux aspects de notre mode de vie. Malheureusement, il y a beaucoup de d\u00e9sinformations et de malentendus sur les approches dans le domaine de la sant\u00e9 naturelle en g\u00e9n\u00e9ral. Beaucoup les consid\u00e8rent comme \u00abalternatives\u00bb ou \u00abnon scientifiques\u00bb. Ce [&hellip;]","og_url":"https:\/\/livinginnaturalharmony.com\/fr\/notre-mission\/","og_site_name":"Living in Natural Harmony","article_modified_time":"2017-08-08T15:05:28+00:00","twitter_card":"summary_large_image","twitter_misc":{"Dur\u00e9e de lecture estim\u00e9e":"9 minutes"},"schema":{"@context":"https:\/\/schema.org","@graph":[{"@type":"WebPage","@id":"https:\/\/livinginnaturalharmony.com\/fr\/notre-mission\/","url":"https:\/\/livinginnaturalharmony.com\/fr\/notre-mission\/","name":"Notre mission - Living in Natural Harmony","isPartOf":{"@id":"https:\/\/livinginnaturalharmony.com\/fr\/#website"},"datePublished":"2017-02-25T09:06:23+00:00","dateModified":"2017-08-08T15:05:28+00:00","breadcrumb":{"@id":"https:\/\/livinginnaturalharmony.com\/fr\/notre-mission\/#breadcrumb"},"inLanguage":"fr-FR","potentialAction":[{"@type":"ReadAction","target":["https:\/\/livinginnaturalharmony.com\/fr\/notre-mission\/"]}]},{"@type":"BreadcrumbList","@id":"https:\/\/livinginnaturalharmony.com\/fr\/notre-mission\/#breadcrumb","itemListElement":[{"@type":"ListItem","position":1,"name":"Home","item":"https:\/\/livinginnaturalharmony.com\/fr\/"},{"@type":"ListItem","position":2,"name":"Notre mission"}]},{"@type":"WebSite","@id":"https:\/\/livinginnaturalharmony.com\/fr\/#website","url":"https:\/\/livinginnaturalharmony.com\/fr\/","name":"Living in Natural Harmony","description":"Pour un mode de vie naturel, sain et durable","potentialAction":[{"@type":"SearchAction","target":{"@type":"EntryPoint","urlTemplate":"https:\/\/livinginnaturalharmony.com\/fr\/?s={search_term_string}"},"query-input":"required name=search_term_string"}],"inLanguage":"fr-FR"}]}},"_links":{"self":[{"href":"https:\/\/livinginnaturalharmony.com\/fr\/wp-json\/wp\/v2\/pages\/34"}],"collection":[{"href":"https:\/\/livinginnaturalharmony.com\/fr\/wp-json\/wp\/v2\/pages"}],"about":[{"href":"https:\/\/livinginnaturalharmony.com\/fr\/wp-json\/wp\/v2\/types\/page"}],"author":[{"embeddable":true,"href":"https:\/\/livinginnaturalharmony.com\/fr\/wp-json\/wp\/v2\/users\/2"}],"replies":[{"embeddable":true,"href":"https:\/\/livinginnaturalharmony.com\/fr\/wp-json\/wp\/v2\/comments?post=34"}],"version-history":[{"count":3,"href":"https:\/\/livinginnaturalharmony.com\/fr\/wp-json\/wp\/v2\/pages\/34\/revisions"}],"predecessor-version":[{"id":280,"href":"https:\/\/livinginnaturalharmony.com\/fr\/wp-json\/wp\/v2\/pages\/34\/revisions\/280"}],"wp:attachment":[{"href":"https:\/\/livinginnaturalharmony.com\/fr\/wp-json\/wp\/v2\/media?parent=34"}],"curies":[{"name":"wp","href":"https:\/\/api.w.org\/{rel}","templated":true}]}}